{"id":4,"date":"2015-05-08T13:22:48","date_gmt":"2015-05-08T13:22:48","guid":{"rendered":"http:\/\/quanticalabs.com\/wptest\/carservice\/?page_id=4"},"modified":"2021-05-31T09:11:30","modified_gmt":"2021-05-31T07:11:30","slug":"home","status":"publish","type":"page","link":"https:\/\/www.autodopravapazdera.cz\/","title":{"rendered":"\u00daVOD"},"content":{"rendered":"<p>[vc_row type=&#8221;full-width&#8221;][vc_column 0=&#8221;&#8221;][rev_slider_vc alias=&#8221;main&#8221;][\/vc_column][\/vc_row][vc_row top_margin=&#8221;page-margin-top-section&#8221;][vc_column 0=&#8221;&#8221;]<h2 class=\" box-header\">CO NAB\u00cdZ\u00cdME?<\/h2>[vc_column_text css_animation=&#8221;none&#8221; el_class=&#8221;description align-center&#8221;]V\u00edt\u00e1me V\u00e1s na na\u0161ich internetov\u00fdch str\u00e1nk\u00e1ch zam\u011b\u0159en\u00fdch na nab\u00eddku slu\u017eeb v oblasti autodopravy, zemn\u00edch prac\u00ed, \u00faprav ter\u00e9n\u016f a prodeje \u0161t\u011brku a zemin, v\u010d. uskladn\u011bn\u00ed.[\/vc_column_text][vc_row_inner top_margin=&#8221;page-margin-top&#8221;][vc_column_inner width=&#8221;1\/3&#8243;]<div class=\"feature-item feature-item-big\"><div class=\"hexagon\"><div class=\"sl-small-user-chat\"><\/div><\/div><h4 class=\"box-header\">ZEMN\u00cd PR\u00c1CE, \u00daPRAVA TER\u00c9NU<\/h4><p>Zaji\u0161tujeme komplexn\u00ed slu\u017eby z\u00a0oblasti\u00a0zemn\u00edch prac\u00ed, v\u00fdkop\u016f a\u00a0ter\u00e9nn\u00edch \u00faprav. Tyto stavebn\u00ed \u010dinnosti realizujeme na zak\u00e1zk\u00e1ch men\u0161\u00edho i\u00a0v\u011bt\u0161\u00edho rozsahu. K\u00a0zemn\u00edm a\u00a0v\u00fdkopov\u00fdm prac\u00edm pou\u017e\u00edv\u00e1me\u00a0modern\u00ed stavebn\u00ed stroje.<\/p><\/div>[\/vc_column_inner][vc_column_inner width=&#8221;1\/3&#8243;]<div class=\"feature-item feature-item-big\"><div class=\"hexagon\"><div class=\"sl-small-wrench-screwdriver\"><\/div><\/div><h4 class=\"box-header\">AUTODOPRAVA SYPK\u00ddCH MATERI\u00c1L\u016e<\/h4><p>Klasick\u00fdm po\u017eadavkem investora je co\u00a0nejrychlej\u0161\u00ed pr\u016fb\u011bh\u00a0jeho zak\u00e1zky a dosa\u017een\u00ed\u00a0maxim\u00e1ln\u00ed kvality\u00a0odveden\u00e9 pr\u00e1ce.\u00a0\u0158\u00edd\u00edme se touto skute\u010dnost\u00ed i my a proto na\u0161e portfolio slu\u017eeb je dopln\u011bno o dopravu materi\u00e1l\u016f (hl\u00edna, p\u00edsek, \u0161t\u011brk, atd.).<\/p><\/div>[\/vc_column_inner][vc_column_inner width=&#8221;1\/3&#8243;]<div class=\"feature-item feature-item-big\"><div class=\"hexagon\"><div class=\"sl-small-truck-tow\"><\/div><\/div><h4 class=\"box-header\">PRODEJ \u0160T\u011aRKU, ULO\u017dEN\u00cd ZEMIN<\/h4><p>Na\u0161imi n\u00e1kladn\u00edmi automobily odvezeme net\u0159\u00edd\u011bnou stavebn\u00ed su\u0165 (cihly, betony, dla\u017eby&#8230;) na skl\u00e1dku a zajist\u00edme ekologickou likvidaci. Za velmi p\u0159\u00edzn\u00edv\u00e9 ceny zaji\u0161\u0165ujeme tak\u00e9 ulo\u017een\u00ed v\u00fdkopov\u00e9 zeminy. Pro v\u00edce informac\u00ed n\u00e1s kontaktujte.<\/p><\/div>[\/vc_column_inner][\/vc_row_inner][\/vc_column][\/vc_row][vc_row type=&#8221;full-width&#8221; top_margin=&#8221;page-margin-top-section&#8221; el_class=&#8221;flex-box&#8221; css=&#8221;.vc_custom_1441196365110{background-color: #f5f5f5 !important;}&#8221;][vc_column width=&#8221;1\/2&#8243; css=&#8221;.vc_custom_1514456310175{background-image: url(https:\/\/www.autodopravapazdera.cz\/wp-content\/uploads\/2017\/12\/7.jpg?id=1220) !important;}&#8221;][vc_single_image image=&#8221;1220&#8243; img_size=&#8221;large-thumb&#8221; el_class=&#8221;flex-hide&#8221;][\/vc_column][vc_column width=&#8221;1\/2&#8243; el_class=&#8221;padding-left-right-100 padding-bottom-66&#8243;]<h2 class=\" box-header page-margin-top-section\">STROJOV\u00dd PARK<\/h2>[vc_column_text el_class=&#8221;description align-center&#8221;]<\/p>\n<p class=\"style32\" align=\"left\"><span class=\"style24\">K dispozici m\u00e1me tyto n\u00e1kladn\u00ed vozy a zemn\u00ed stroje:<\/span><\/p>\n<p>[\/vc_column_text][vc_row_inner css=&#8221;.vc_custom_1439977887316{margin-top: 30px !important;}&#8221;][vc_column_inner width=&#8221;1\/2&#8243;]<ul class=\"list\"><li class=\"template-bullet \"><span>MAN 35,414 8&#215;6<\/span><\/li><li class=\"template-bullet \"><span>MAN 35,414 8&#215;6 mo\u017eno i s vlekem<\/span><\/li><li class=\"template-bullet \"><span>Tatra 815 S3<\/span><\/li><li class=\"template-bullet \"><span>Tatra 815 S3 mo\u017eno i s vlekem (4x)<\/span><\/li><\/ul>[\/vc_column_inner][vc_column_inner width=&#8221;1\/2&#8243;]<ul class=\"list\"><li class=\"template-bullet \"><span>DAF<\/span><\/li><li class=\"template-bullet \"><span>OKI<\/span><\/li><li class=\"template-bullet \"><span>Iveco<\/span><\/li><li class=\"template-bullet \"><span>NEW Holland 110 B<\/span><\/li><li class=\"template-bullet \"><span>Avia<\/span><\/li><\/ul>[\/vc_column_inner][\/vc_row_inner][vc_row_inner el_class=&#8221;align-center margin-top-67 padding-bottom-20&#8243;][vc_column_inner 0=&#8221;&#8221;]<a class=\"more simple\" href=\"https:\/\/www.autodopravapazdera.cz\/?page_id=1207\" title=\"KOMPLETN\u00cd P\u0158EHLED ZDE\"><span>KOMPLETN\u00cd P\u0158EHLED ZDE<\/span><\/a>[\/vc_column_inner][\/vc_row_inner][\/vc_column][\/vc_row][vc_row top_margin=&#8221;page-margin-top&#8221; css=&#8221;.vc_custom_1514402851471{margin-bottom: 20px !important;padding-bottom: 20px !important;}&#8221;][vc_column width=&#8221;1\/2&#8243;]<h3 class=\" box-header\">Informace o n\u00e1s<\/h3>[vc_column_text css_animation=&#8221;left-to-right&#8221; el_class=&#8221;description&#8221;]Jsme kompletn\u011b vybaven\u00e1 firma, kter\u00e1 se \u00fazce specializuje na \u010dinnost spojenou se zakl\u00e1d\u00e1n\u00edm staveb, s demolicemi a ter\u00e9nn\u00edmi \u00fapravami v\u0161ech druh\u016f. D\u00edky tomu m\u016f\u017eeme v\u011bt\u0161\u00edm firm\u00e1m nab\u00eddnout \u0161pi\u010dkov\u00e9 slu\u017eby, jak\u00e9 mohou b\u00fdt v r\u00e1mci jejich \u0161ir\u0161\u00ed nab\u00eddky slu\u017eeb nepostradaln\u00e9.[\/vc_column_text][vc_column_text css_animation=&#8221;left-to-right&#8221;]Na\u0161e pr\u00e1ce je rozd\u011blena do pomysln\u00fdch t\u0159\u00ed m\u00edln\u00edk\u016f a to na zemn\u00ed pr\u00e1ce a \u00fapravu ter\u00e9n\u016f, d\u00e1le na autodopravu sypk\u00fdch materi\u00e1l\u016f (hl\u00edna, kamen\u00ed, \u0161t\u011brk, p\u00edsek atd.) a t\u0159et\u00edm m\u00edln\u00edkem je prodej \u0161t\u011brk\u016f a ulo\u017een\u00ed zemin.<br \/>\n<a href=\"http:\/\/www.zivefirmy.cz\/autodoprava-a-zemni-prace-olomouc_f1211970?q=pazdera+autodoprava&amp;loc=cr|0\" target=\"_blank\" rel=\"noopener noreferrer\"><img loading=\"lazy\" src=\"https:\/\/www.autodopravapazdera.cz\/wp-content\/uploads\/2018\/01\/firma.png\" width=\"100\" height=\"100\" border=\"0\" \/><\/a><br \/>\n<a title=\"SEO Servis, optimalizace pro vyhled\u00e1va\u010de.\" href=\"http:\/\/seo-servis.cz\/source-zdrojovy-kod\/11291666\"><img src=\"http:\/\/seo-servis.cz\/optimised.png\" alt=\"Seo servis\" \/><\/a>[\/vc_column_text][vc_row_inner top_margin=&#8221;page-margin-top&#8221;][vc_column_inner 0=&#8221;&#8221;]<a class=\"more\" href=\"https:\/\/www.autodopravapazdera.cz\/?page_id=203\" title=\"V\u00edce zde\"><span>V\u00edce zde<\/span><\/a>[\/vc_column_inner][\/vc_row_inner][\/vc_column][vc_column width=&#8221;1\/2&#8243;]<h3 class=\" box-header\">V\u011bd\u011bli jste \u017ee?<\/h3>[vc_accordion el_class=&#8221;margin-top-40&#8243;][vc_accordion_tab title=&#8221;Na\u0161e firma nab\u00edz\u00ed ve\u0161ker\u00e9 zemn\u00ed pr\u00e1ce ji\u017e 20 let&#8221; tab_id=&#8221;using-synthetic&#8221;][vc_column_text 0=&#8221;&#8221;]Zam\u011b\u0159uje se na slu\u017eby, jak pro drobn\u00e9 z\u00e1kazn\u00edky, tak pro v\u011bt\u0161\u00ed firmy. S\u00eddlem na\u0161\u00ed spole\u010dnosti je m\u011bsto Velk\u00e1 Byst\u0159ice &#8211; Na Letn\u00e9 797, ale podle zak\u00e1zky p\u016fsob\u00edme v cel\u00e9m Moravsk\u00e9m kraji v cel\u00e9 \u010cesk\u00e9 republice.[\/vc_column_text][\/vc_accordion_tab][vc_accordion_tab title=&#8221;Jsme kompletn\u011b vybaven\u00e1 firma&#8221; tab_id=&#8221;parts-replacements&#8221;][vc_column_text 0=&#8221;&#8221;]kter\u00e1 se \u00fazce specializuje na \u010dinnost spojenou se zakl\u00e1d\u00e1n\u00edm staveb, s demolicemi a ter\u00e9nn\u00edmi \u00fapravami v\u0161ech druh\u016f. D\u00edky tomu m\u016f\u017eeme v\u011bt\u0161\u00edm firm\u00e1m nab\u00eddnout \u0161pi\u010dkov\u00e9 slu\u017eby, jak\u00e9 mohou b\u00fdt v r\u00e1mci jejich \u0161ir\u0161\u00ed nab\u00eddky slu\u017eeb nepostradaln\u00e9.[\/vc_column_text][\/vc_accordion_tab][vc_accordion_tab title=&#8221;Strojov\u00fd park&#8221; tab_id=&#8221;track-routine&#8221;][vc_column_text 0=&#8221;&#8221;]K dispozici m\u00e1me \u0161irokou \u0161k\u00e1lu skl\u00e1p\u011bc\u00edch voz\u016f, od dvoun\u00e1pravov\u00fdch po \u010dty\u0159n\u00e1pravov\u00e9. (Tatra, Man, Iveco, Daf, Avia). D\u00e1le m\u00e1me k dispozici zemn\u00ed stroje &#8211; p\u00e1sov\u00fd bagr, traktorbagry a kolov\u00e9 bagry. (New Holland, Wacker Neuson, O&amp;K). V\u00edce informac\u00ed o n\u00e1kladn\u00edch vozech a zemn\u00edch stroj\u00edch naleznete v sekci Strojov\u00fd park.[\/vc_column_text][\/vc_accordion_tab][vc_accordion_tab title=&#8221;Na\u0161e specializace&#8221;][vc_column_text 0=&#8221;&#8221;]Na\u0161e pr\u00e1ce je rozd\u011blena do pomysln\u00fdch t\u0159\u00ed m\u00edln\u00edk\u016f a to na zemn\u00ed pr\u00e1ce a \u00fapravu ter\u00e9n\u016f, d\u00e1le na autodopravu sypk\u00fdch materi\u00e1l\u016f (hl\u00edna, kamen\u00ed, \u0161t\u011brk, p\u00edsek atd.) a t\u0159et\u00edm m\u00edln\u00edkem je prodej \u0161t\u011brk\u016f a ulo\u017een\u00ed zemin.[\/vc_column_text][\/vc_accordion_tab][\/vc_accordion][\/vc_column][\/vc_row][vc_row type=&#8221;full-width cs-parallax&#8221; css=&#8221;.vc_custom_1441108258312{background-image: url(http:\/\/quanticalabs.com\/wptest\/carservice\/files\/2015\/05\/image_012.jpg?id=928) !important;}&#8221; el_class=&#8221;padding-top-70 padding-bottom-66&#8243;][vc_column 0=&#8221;&#8221;][vc_row_inner 0=&#8221;&#8221;][vc_column_inner 0=&#8221;&#8221;]<div class=\"testimonials-container type-big\"><a href=\"#\" class=\"slider-control left template-arrow-left-1\"><\/a><ul class=\"testimonials-list autoplay-0 pause_on_hover-1 scroll-1 effect-scroll easing-easeInOutQuint duration-500\"><li>\r\n\t\t\t\t\t<div class=\"hexagon small\"><div class=\"sl-small-person\"><\/div><\/div>\r\n\t\t\t\t\t<p>Na\u0161e firma nab\u00edz\u00ed ve\u0161ker\u00e9 zemn\u00ed pr\u00e1ce ji\u017e 20 let. Zam\u011b\u0159uje se na slu\u017eby, jak pro drobn\u00e9 z\u00e1kazn\u00edky, tak pro v\u011bt\u0161\u00ed firmy. S\u00eddlem na\u0161\u00ed spole\u010dnosti je m\u011bsto Velk\u00e1 Byst\u0159ice - Na Letn\u00e9 797, ale podle zak\u00e1zky p\u016fsob\u00edme v cel\u00e9m Moravsk\u00e9m kraji v cel\u00e9 \u010cesk\u00e9 republice.<\/p>\r\n\t\t\t\t\t\r\n\t\t\t\t\t<div class=\"author-details-box\">\r\n\t\t\t\t\t<h6>Jaroslav Pazdera<\/h6>\r\n\t\t\t\t\t\r\n\t\t\t\t\t<\/div>\r\n\t\t\t\t<\/li><li>\r\n\t\t\t\t\t<div class=\"hexagon small\"><div class=\"sl-small-car\"><\/div><\/div>\r\n\t\t\t\t\t<p>K dispozici m\u00e1me \u0161irokou \u0161k\u00e1lu skl\u00e1p\u011bc\u00edch voz\u016f, od dvoun\u00e1pravov\u00fdch po \u010dty\u0159n\u00e1pravov\u00e9. (Tatra, Man, Iveco, Daf, Avia). D\u00e1le m\u00e1me k dispozici zemn\u00ed stroje - p\u00e1sov\u00fd bagr, traktorbagry a kolov\u00e9 bagry. (New Holland, Wacker Neuson, O&amp;K).<\/p>\r\n\t\t\t\t\t\r\n\t\t\t\t\t<div class=\"author-details-box\">\r\n\t\t\t\t\t<h6>Jaroslav Pazdera<\/h6>\r\n\t\t\t\t\t\r\n\t\t\t\t\t<\/div>\r\n\t\t\t\t<\/li><\/ul><a href=\"#\" class=\"slider-control right template-arrow-left-1\"><\/a><\/div>[\/vc_column_inner][\/vc_row_inner][\/vc_column][\/vc_row][vc_row top_margin=&#8221;page-margin-top-section&#8221; css=&#8221;.vc_custom_1514457849336{margin-bottom: 20px !important;padding-bottom: 20px !important;}&#8221;][vc_column 0=&#8221;&#8221;]<h2 class=\" box-header\">POSKYTOVAN\u00c9 SLU\u017dBY<\/h2>[vc_column_text el_class=&#8221;description align-center&#8221;]Na\u0161e specializace se d\u00e1 rozd\u011blit do t\u0159\u00ed z\u00e1kladn\u00edch milnik\u016f.[\/vc_column_text][vc_row_inner top_margin=&#8221;page-margin-top-section&#8221;][vc_column_inner width=&#8221;1\/3&#8243;]<div class=\"feature-item\"><h5>ZEMN\u00cd PR\u00c1CE A \u00daPRAVY TER\u00c9N\u016e:<\/h5><div class=\"icon sl-small-road\"><\/div><p>Zaji\u0161tujeme komplexn\u00ed slu\u017eby z\u00a0oblasti\u00a0zemn\u00edch prac\u00ed, v\u00fdkop\u016f a\u00a0ter\u00e9nn\u00edch \u00faprav. Specializujeme se na v\u00fdkopov\u00e9 pr\u00e1ce. Prov\u00e1d\u00edme strojn\u00ed v\u00fdkopov\u00e9 pr\u00e1ce vodovod\u016f, kanalizac\u00ed, plynu, &#8230;<\/p><\/div>[\/vc_column_inner][vc_column_inner width=&#8221;1\/3&#8243;]<div class=\"feature-item\"><h5>AUTODOPRAVA SYPK\u00ddCH MATERI\u00c1L\u016e:<\/h5><div class=\"icon sl-small-truck\"><\/div><p>Sna\u017e\u00edme se co nejrychlej\u0161\u00ed pr\u016fb\u011bh zak\u00e1zky a dosa\u017een\u00ed\u00a0maxim\u00e1ln\u00ed kvality\u00a0odveden\u00e9 pr\u00e1ce.\u00a0 \u0158\u00edd\u00edme se touto skute\u010dnost\u00ed i my a proto na\u0161e portfolio slu\u017eeb je dopln\u011bno o dopravu materi\u00e1l\u016f (hl\u00edna, p\u00edsek, \u0161t\u011brk, atd.).<\/p><\/div>[\/vc_column_inner][vc_column_inner width=&#8221;1\/3&#8243;]<div class=\"feature-item\"><h5>PRODEJ \u0160T\u011aRKU, ULO\u017dEN\u00cd ZEMIN:<\/h5><div class=\"icon sl-small-garage\"><\/div><p><span class=\"style7\">Na\u0161imi n\u00e1kladn\u00edmi automobily odvezeme net\u0159\u00edd\u011bnou stavebn\u00ed su\u0165 (cihly, betony, dla\u017eby&#8230;) na skl\u00e1dku a zajist\u00edme ekologickou likvidaci. Za velmi p\u0159\u00edzn\u00edv\u00e9 ceny zaji\u0161\u0165ujeme tak\u00e9 ulo\u017een\u00ed v\u00fdkopov\u00e9 zeminy.<\/span><\/p><\/div>[\/vc_column_inner][\/vc_row_inner][\/vc_column][\/vc_row][vc_row type=&#8221;full-width&#8221; css=&#8221;.vc_custom_1439892689981{background-color: #f5f5f5 !important;}&#8221;][vc_column 0=&#8221;&#8221;]<div class=\"announcement clearfix\">\r\n\t\t\t\t\t<div class=\"vc_row wpb_row vc_row-fluid\">\r\n\t\t\t\t\t\t<div class=\"vc_col-sm-8 wpb_column vc_column_container\">\r\n\t\t\t\t\t\t\t<div class=\"vertical-align\">\r\n\t\t\t\t\t\t\t\t<div class=\"vertical-align-cell\">\r\n\t\t\t\t\t\t\t\t\t<h3>M\u00c1TE Z\u00c1JEM O N\u011aKTEROU Z NA\u0160ICH SLU\u017dEB? <\/h3>\r\n\t\t\t\t\t\t\t\t<\/div>\r\n\t\t\t\t\t\t\t<\/div>\r\n\t\t\t\t\t\t<\/div><div class=\"vc_col-sm-4 wpb_column vc_column_container\">\r\n\t\t\t\t\t\t<div class=\"vertical-align\">\r\n\t\t\t\t\t\t\t<div class=\"vertical-align-cell\">\r\n\t\t\t\t\t\t\t\t<a title=\"KONTAKTUJTE N\u00c1S\" href=\"https:\/\/www.autodopravapazdera.cz\/?page_id=297\" class=\"more\"><span>KONTAKTUJTE N\u00c1S<\/span><\/a>\r\n\t\t\t\t\t\t\t<\/div>\r\n\t\t\t\t\t\t<\/div>\r\n\t\t\t\t\t<\/div><\/div>\r\n\t\t\t<\/div>[\/vc_column][\/vc_row][vc_row 0=&#8221;&#8221;][vc_column 0=&#8221;&#8221;][vc_column_text 0=&#8221;&#8221;]<\/p>\n<p style=\"text-align: center;\">Zapojili jsme se do projekt\u016f s n\u00e1zvem: Po\u0159\u00edzen\u00ed techniky pro rozvoj firmy (<a href=\"https:\/\/www.autodopravapazdera.cz\/?page_id=1401\">v\u00edce ZDE<\/a>) a Elektromobilita (<a href=\"https:\/\/www.autodopravapazdera.cz\/?page_id=1425\">v\u00edce ZDE<\/a>). Cen\u00edk (<a href=\"https:\/\/www.autodopravapazdera.cz\/?page_id=1436\">v\u00edce ZDE<\/a>).<\/p>\n<p style=\"text-align: center;\"><img loading=\"lazy\" class=\"alignnone size-full wp-image-1432\" src=\"https:\/\/www.autodopravapazdera.cz\/wp-content\/uploads\/2021\/01\/projekty.jpg\" alt=\"\" width=\"1157\" height=\"144\" srcset=\"https:\/\/www.autodopravapazdera.cz\/wp-content\/uploads\/2021\/01\/projekty.jpg 1157w, https:\/\/www.autodopravapazdera.cz\/wp-content\/uploads\/2021\/01\/projekty-300x37.jpg 300w, https:\/\/www.autodopravapazdera.cz\/wp-content\/uploads\/2021\/01\/projekty-1024x127.jpg 1024w, https:\/\/www.autodopravapazdera.cz\/wp-content\/uploads\/2021\/01\/projekty-768x96.jpg 768w\" sizes=\"(max-width: 1157px) 100vw, 1157px\" \/><\/p>\n<p>[\/vc_column_text][\/vc_column][\/vc_row]<\/p>\n","protected":false},"excerpt":{"rendered":"<p>[vc_row type=&#8221;full-width&#8221;][vc_column 0=&#8221;&#8221;][rev_slider_vc alias=&#8221;main&#8221;][\/vc_column][\/vc_row][vc_row top_margin=&#8221;page-margin-top-section&#8221;][vc_column 0=&#8221;&#8221;][vc_column_text css_animation=&#8221;none&#8221; el_class=&#8221;description align-center&#8221;]V\u00edt\u00e1me V\u00e1s na na\u0161ich internetov\u00fdch str\u00e1nk\u00e1ch zam\u011b\u0159en\u00fdch na nab\u00eddku slu\u017eeb v oblasti autodopravy, zemn\u00edch prac\u00ed, \u00faprav ter\u00e9n\u016f a prodeje \u0161t\u011brku a zemin, v\u010d. uskladn\u011bn\u00ed.[\/vc_column_text][vc_row_inner top_margin=&#8221;page-margin-top&#8221;][vc_column_inner width=&#8221;1\/3&#8243;][\/vc_column_inner][vc_column_inner width=&#8221;1\/3&#8243;][\/vc_column_inner][vc_column_inner width=&#8221;1\/3&#8243;][\/vc_column_inner][\/vc_row_inner][\/vc_column][\/vc_row][vc_row type=&#8221;full-width&#8221; top_margin=&#8221;page-margin-top-section&#8221; el_class=&#8221;flex-box&#8221; css=&#8221;.vc_custom_1441196365110{background-color: #f5f5f5 !important;}&#8221;][vc_column width=&#8221;1\/2&#8243; css=&#8221;.vc_custom_1514456310175{background-image: url(https:\/\/www.autodopravapazdera.cz\/wp-content\/uploads\/2017\/12\/7.jpg?id=1220) !important;}&#8221;][vc_single_image image=&#8221;1220&#8243; img_size=&#8221;large-thumb&#8221; el_class=&#8221;flex-hide&#8221;][\/vc_column][vc_column width=&#8221;1\/2&#8243; el_class=&#8221;padding-left-right-100 padding-bottom-66&#8243;][vc_column_text el_class=&#8221;description align-center&#8221;] K<\/p>\n","protected":false},"author":1,"featured_media":0,"parent":0,"menu_order":0,"comment_status":"open","ping_status":"open","template":"template-default-without-breadcrumbs.php","meta":[],"_links":{"self":[{"href":"https:\/\/www.autodopravapazdera.cz\/index.php?rest_route=\/wp\/v2\/pages\/4"}],"collection":[{"href":"https:\/\/www.autodopravapazdera.cz\/index.php?rest_route=\/wp\/v2\/pages"}],"about":[{"href":"https:\/\/www.autodopravapazdera.cz\/index.php?rest_route=\/wp\/v2\/types\/page"}],"author":[{"embeddable":true,"href":"https:\/\/www.autodopravapazdera.cz\/index.php?rest_route=\/wp\/v2\/users\/1"}],"replies":[{"embeddable":true,"href":"https:\/\/www.autodopravapazdera.cz\/index.php?rest_route=%2Fwp%2Fv2%2Fcomments&post=4"}],"version-history":[{"count":44,"href":"https:\/\/www.autodopravapazdera.cz\/index.php?rest_route=\/wp\/v2\/pages\/4\/revisions"}],"predecessor-version":[{"id":1444,"href":"https:\/\/www.autodopravapazdera.cz\/index.php?rest_route=\/wp\/v2\/pages\/4\/revisions\/1444"}],"wp:attachment":[{"href":"https:\/\/www.autodopravapazdera.cz\/index.php?rest_route=%2Fwp%2Fv2%2Fmedia&parent=4"}],"curies":[{"name":"wp","href":"https:\/\/api.w.org\/{rel}","templated":true}]}}