{"id":1436,"date":"2021-05-31T08:58:38","date_gmt":"2021-05-31T06:58:38","guid":{"rendered":"https:\/\/www.autodopravapazdera.cz\/?page_id=1436"},"modified":"2021-05-31T09:05:20","modified_gmt":"2021-05-31T07:05:20","slug":"cenik","status":"publish","type":"page","link":"https:\/\/www.autodopravapazdera.cz\/?page_id=1436","title":{"rendered":"Cen\u00edk"},"content":{"rendered":"<p>[vc_row][vc_column][vc_column_text css_animation=&#8221;bounceIn&#8221; css=&#8221;.vc_custom_1622444715876{margin-top: 55px !important;margin-right: 35px !important;margin-bottom: 35px !important;margin-left: 35px !important;}&#8221;]<\/p>\n<h2>Z\u00e1kladn\u00ed cen\u00edk 2021<\/h2>\n<p><span style=\"color: #333333;\">\u010cty\u0159 n\u00e1pravov\u00e9 vozy 8&#215;6,8&#215;4,u\u017eite\u010dn\u00e1 hmotnost od 17t-18t MAN,,IVECO\u00a0 960,- K\u010d\/1hod\u00a0 (36,- K\u010d\/1km)<\/span><\/p>\n<p><span style=\"color: #333333;\">N\u00e1v\u011bs MAN,u\u017eite\u010dn\u00e1 hmotnost 31 t\u00a0\u00a0\u00a0 1 150,- K\u010d\/1 hod ( 40,- K\u010d\/1km)<\/span><\/p>\n<p><span style=\"color: #333333;\">T\u0159\u00ed n\u00e1pravov\u00e9 vozy TATRA 6&#215;6,u\u017eite\u010dn\u00e1 hmotnost TATRA 815 ,u\u017eit.hmotnost 12t\u00a0 \u00a0690,-K\u010d\/1hod (33,- K\u010d\/1km)<\/span><\/p>\n<p><span style=\"color: #333333;\">TATRA Terno ,u\u017eit.hmotnost 13,9 t, \u00a06&#215;6\u00a0\u00a0 \u00a0 \u00a0790,-K\u010d\/1hod \u00a0(33,-K\u010d\/1km)<\/span><\/p>\n<p><span style=\"color: #333333;\">Mercedes kontejner nosnost 8,5t\u00a0 600,-K\u010d\/1hod\u00a0 (32,-K\u010d\/1km)<\/span><\/p>\n<p><span style=\"color: #333333;\">Kolov\u00e9 bagry \u00a03 ksNew Holland 19 t\u00a0 1 150,- K\u010d\/1hod<\/span><\/p>\n<p><span style=\"color: #333333;\">Bourac\u00ed kladivo\u00a0\u00a0\u00a0\u00a0\u00a0\u00a0\u00a0\u00a0\u00a0\u00a0\u00a0\u00a0\u00a0\u00a0\u00a0\u00a0\u00a0\u00a0\u00a0\u00a0\u00a0\u00a0\u00a0\u00a0\u00a0\u00a0\u00a0\u00a0\u00a0\u00a0\u00a0\u00a0\u00a0 \u00a0\u00a0\u00a01\u00a0 450,-K\u010d\/1hod<\/span><\/p>\n<p><span style=\"color: #333333;\">Kolov\u00fd bagry\u00a0 Atlas\u00a0 18t \u00a0\u00a0\u00a0\u00a0\u00a0\u00a0\u00a0\u00a0\u00a0\u00a0\u00a0\u00a0\u00a0\u00a0\u00a0\u00a0\u00a0\u00a0\u00a0\u00a0\u00a0\u00a01 150,-K\u010d\/1hod<\/span><\/p>\n<p><span style=\"color: #333333;\">Bourac\u00ed kladivo\u00a0\u00a0\u00a0\u00a0\u00a0 \u00a0\u00a0\u00a0\u00a0\u00a0\u00a0\u00a0\u00a0\u00a0\u00a0\u00a0\u00a0\u00a0\u00a0\u00a0\u00a0\u00a0\u00a0\u00a0\u00a0\u00a0\u00a0\u00a0\u00a0\u00a0\u00a0\u00a0\u00a0\u00a0\u00a0\u00a01 450,-K\u010d\/1hod<\/span><\/p>\n<p><span style=\"color: #333333;\">Terex kol.bagr 10t\u00a0\u00a0\u00a0\u00a0\u00a0 \u00a0\u00a0\u00a0\u00a0\u00a0\u00a0\u00a0\u00a0\u00a0\u00a0\u00a0\u00a0\u00a0\u00a0\u00a0\u00a0\u00a0\u00a0\u00a0\u00a0\u00a0\u00a0\u00a0\u00a0\u00a0\u00a0\u00a0\u00a0\u00a0\u00a0950,-K\u010d\/hod<\/span><\/p>\n<p><span style=\"color: #333333;\">Traktorbagry \u00a0New Holland\u00a0 \u00a0 \u00a0 \u00a0 \u00a0 \u00a0 \u00a0 \u00a0 \u00a0800,-K\u010d\/1hod<\/span><\/p>\n<p><span style=\"color: #333333;\">Kubota\u00a0 8,5 t\u00a0\u00a0\u00a0\u00a0\u00a0\u00a0\u00a0\u00a0\u00a0\u00a0\u00a0\u00a0\u00a0\u00a0\u00a0\u00a0\u00a0\u00a0\u00a0\u00a0\u00a0\u00a0\u00a0\u00a0\u00a0\u00a0\u00a0\u00a0\u00a0\u00a0\u00a0\u00a0\u00a0\u00a0\u00a0\u00a0\u00a0\u00a0 \u00a0\u00a0\u00a0\u00a0\u00a0890,-K\u010d 1hod<\/span><\/p>\n<p><span style=\"color: #333333;\">P\u00e1sov\u00fd bagr Wacker NEUSON\u00a0 3t\u00a0 \u00a0 \u00a0 670,- K\u010d\/1hod<\/span><\/p>\n<p><span style=\"color: #333333;\">Bourac\u00ed kladivo\u00a0\u00a0\u00a0\u00a0\u00a0\u00a0 \u00a0\u00a0\u00a0\u00a0\u00a0\u00a0\u00a0\u00a0\u00a0\u00a0\u00a0\u00a0\u00a0\u00a0\u00a0\u00a0\u00a0\u00a0\u00a0\u00a0\u00a0\u00a0\u00a0\u00a0\u00a0\u00a0\u00a0\u00a0\u00a0\u00a0\u00a0\u00a0900 ,- K\u010d\/ 1hod<\/span><\/p>\n<p><span style=\"color: #333333;\">P\u00e1sov\u00fd bagr Kubota 3,5 t\u00a0 \u00a0 \u00a0 \u00a0 \u00a0 \u00a0 \u00a0 \u00a0 \u00a0 \u00a0 \u00a0 720,- K\u010d\/ 1hod<\/span><\/p>\n<p><span style=\"color: #333333;\">Bourac\u00ed kladivo\u00a0\u00a0\u00a0\u00a0\u00a0\u00a0\u00a0\u00a0\u00a0\u00a0\u00a0\u00a0\u00a0\u00a0\u00a0\u00a0\u00a0\u00a0\u00a0\u00a0\u00a0\u00a0\u00a0\u00a0\u00a0\u00a0\u00a0\u00a0\u00a0\u00a0\u00a0\u00a0\u00a0 \u00a0\u00a0\u00a0\u00a0\u00a0970,- K\u010d\/1hod<\/span>[\/vc_column_text][\/vc_column][\/vc_row]<\/p>\n","protected":false},"excerpt":{"rendered":"<p>[vc_row][vc_column][vc_column_text css_animation=&#8221;bounceIn&#8221; css=&#8221;.vc_custom_1622444715876{margin-top: 55px !important;margin-right: 35px !important;margin-bottom: 35px !important;margin-left: 35px !important;}&#8221;] Z\u00e1kladn\u00ed cen\u00edk 2021 \u010cty\u0159 n\u00e1pravov\u00e9 vozy 8&#215;6,8&#215;4,u\u017eite\u010dn\u00e1 hmotnost od 17t-18t MAN,,IVECO\u00a0 960,- K\u010d\/1hod\u00a0 (36,- K\u010d\/1km) N\u00e1v\u011bs MAN,u\u017eite\u010dn\u00e1 hmotnost 31 t\u00a0\u00a0\u00a0 1 150,- K\u010d\/1 hod ( 40,- K\u010d\/1km) T\u0159\u00ed n\u00e1pravov\u00e9 vozy TATRA 6&#215;6,u\u017eite\u010dn\u00e1 hmotnost TATRA 815 ,u\u017eit.hmotnost 12t\u00a0 \u00a0690,-K\u010d\/1hod (33,- K\u010d\/1km) TATRA Terno ,u\u017eit.hmotnost 13,9<\/p>\n","protected":false},"author":1,"featured_media":0,"parent":0,"menu_order":0,"comment_status":"closed","ping_status":"closed","template":"","meta":[],"_links":{"self":[{"href":"https:\/\/www.autodopravapazdera.cz\/index.php?rest_route=\/wp\/v2\/pages\/1436"}],"collection":[{"href":"https:\/\/www.autodopravapazdera.cz\/index.php?rest_route=\/wp\/v2\/pages"}],"about":[{"href":"https:\/\/www.autodopravapazdera.cz\/index.php?rest_route=\/wp\/v2\/types\/page"}],"author":[{"embeddable":true,"href":"https:\/\/www.autodopravapazdera.cz\/index.php?rest_route=\/wp\/v2\/users\/1"}],"replies":[{"embeddable":true,"href":"https:\/\/www.autodopravapazdera.cz\/index.php?rest_route=%2Fwp%2Fv2%2Fcomments&post=1436"}],"version-history":[{"count":7,"href":"https:\/\/www.autodopravapazdera.cz\/index.php?rest_route=\/wp\/v2\/pages\/1436\/revisions"}],"predecessor-version":[{"id":1438,"href":"https:\/\/www.autodopravapazdera.cz\/index.php?rest_route=\/wp\/v2\/pages\/1436\/revisions\/1438"}],"wp:attachment":[{"href":"https:\/\/www.autodopravapazdera.cz\/index.php?rest_route=%2Fwp%2Fv2%2Fmedia&parent=1436"}],"curies":[{"name":"wp","href":"https:\/\/api.w.org\/{rel}","templated":true}]}}