{"id":1425,"date":"2021-01-18T12:40:12","date_gmt":"2021-01-18T11:40:12","guid":{"rendered":"https:\/\/www.autodopravapazdera.cz\/?page_id=1425"},"modified":"2024-06-09T21:23:16","modified_gmt":"2024-06-09T19:23:16","slug":"elektromobilita-pazdera-s-r-o","status":"publish","type":"page","link":"https:\/\/www.autodopravapazdera.cz\/?page_id=1425","title":{"rendered":"Elektromobilita &#8211; Pazdera s.r.o."},"content":{"rendered":"<p>[vc_row 0=&#8221;&#8221;][vc_column css=&#8221;.vc_custom_1610970127754{margin-right: 10px !important;margin-left: 10px !important;border-right-width: 10px !important;border-left-width: 10px !important;}&#8221;][vc_column_text 0=&#8221;&#8221;]<\/p>\n<p style=\"text-align: left;\"><span style=\"color: #333333;\"><strong>N\u00e1zev projektu: Elektromobilita &#8211; Pazdera s.r.o.<\/strong><\/span><\/p>\n<p style=\"text-align: left;\"><span style=\"color: #333333;\">Opera\u010dn\u00ed program podnik\u00e1n\u00ed a inovace pro konkurenceschopnost<\/span><\/p>\n<p style=\"text-align: left;\"><span style=\"color: #333333;\">V\u00fdzva V. N\u00edzkouhl\u00edkov\u00e9 technologie &#8211; Elektromobilita<\/span><\/p>\n<p style=\"text-align: left;\"><span style=\"color: #333333;\">C\u00edlem programu je podpora konkurenceschopnosti podnik\u016f a udr\u017eitelnosti \u010desk\u00e9 ekonomiky prost\u0159ednictv\u00edm zav\u00e1d\u011bn\u00ed inovativn\u00edch technologi\u00ed v oblasti elektromobility. C\u00edl\u016f bude dosa\u017eeno n\u00e1kupem t\u0159\u00ed elektromobil\u016f a jedn\u00e9 rychlonab\u00edje\u010dky.<\/span><\/p>\n<p style=\"text-align: left;\"><span style=\"color: #333333;\">TENTO PROJEKT JE SPOLUFINANCOV\u00c1N EVROPSK\u00ddM FONDEM PRO REGION\u00c1LN\u00cd ROZVOJ A MINISTERSTVEM PR\u016eMYSLU A OBCHODU \u010cR.<\/span><\/p>\n<p>[\/vc_column_text][vc_empty_space height=&#8221;12px&#8221;][\/vc_column][\/vc_row][vc_row css=&#8221;.vc_custom_1654815670812{padding-right: 10px !important;padding-left: 10px !important;}&#8221;][\/vc_row][vc_row css=&#8221;.vc_custom_1654815612089{padding-right: 10px !important;padding-left: 10px !important;}&#8221;][vc_column width=&#8221;2\/3&#8243;][vc_column_text 0=&#8221;&#8221;]<img loading=\"lazy\" class=\"alignleft wp-image-1454\" src=\"https:\/\/www.autodopravapazdera.cz\/wp-content\/uploads\/2022\/06\/elektromobilita-Pazdera-Jaroslav.jpg\" alt=\"\" width=\"800\" height=\"487\" srcset=\"https:\/\/www.autodopravapazdera.cz\/wp-content\/uploads\/2022\/06\/elektromobilita-Pazdera-Jaroslav.jpg 858w, https:\/\/www.autodopravapazdera.cz\/wp-content\/uploads\/2022\/06\/elektromobilita-Pazdera-Jaroslav-300x183.jpg 300w, https:\/\/www.autodopravapazdera.cz\/wp-content\/uploads\/2022\/06\/elektromobilita-Pazdera-Jaroslav-768x467.jpg 768w\" sizes=\"(max-width: 800px) 100vw, 800px\" \/>[\/vc_column_text][\/vc_column][vc_column width=&#8221;1\/3&#8243;][vc_empty_space height=&#8221;60px&#8221;][vc_column_text 0=&#8221;&#8221;]<\/p>\n<h3><\/h3>\n<h3><span style=\"text-decoration: underline; color: #808080;\"><b>Nakoupen\u00e9 elektromobily<\/b> <\/span><\/h3>\n<p style=\"text-align: left;\"><span style=\"color: #808080;\"><strong>Jsme spole\u010dnost zab\u00fdvaj\u00edc\u00ed se n\u00e1kladn\u00ed p\u0159epravou a v\u00fdkopov\u00fdmi pracemi.<\/strong><\/span><\/p>\n<p style=\"text-align: left;\"><span style=\"color: #808080;\"><strong>Na cesty za z\u00e1kazn\u00edky jsme cht\u011bli po\u0159\u00eddit spolehliv\u00e1 a bezpe\u010dn\u00e1 auta. Proto jsme zvolili elektromobily, kter\u00e9 jsou v dne\u0161n\u00ed dob\u011b ji\u017e hodn\u011b roz\u0161\u00ed\u0159eny (v\u010detn\u011b nab\u00edjec\u00edch m\u00edst) a tak\u00e9 velmi preferov\u00e1ny pro svou \u0161etrnost k \u017eivotn\u00edmu prost\u0159ed\u00ed.<\/strong><\/span><\/p>\n<p style=\"text-align: left;\"><span style=\"color: #808080;\"><strong>S investic\u00ed do elektromobil\u016f jsme maxim\u00e1ln\u011b spokojeni.<\/strong><\/span><\/p>\n<p>[\/vc_column_text][\/vc_column][\/vc_row][vc_row css=&#8221;.vc_custom_1654815612089{padding-right: 10px !important;padding-left: 10px !important;}&#8221;][vc_column width=&#8221;2\/3&#8243; css=&#8221;.vc_custom_1717420570083{border-top-width: 1px !important;border-right-width: 1px !important;border-bottom-width: 1px !important;border-left-width: 1px !important;border-left-color: #c4c4c4 !important;border-left-style: solid !important;border-right-color: #c4c4c4 !important;border-right-style: solid !important;border-top-color: #c4c4c4 !important;border-top-style: solid !important;border-bottom-color: #c4c4c4 !important;border-bottom-style: solid !important;border-radius: 2px !important;}&#8221;][vc_column_text css_animation=&#8221;none&#8221; css=&#8221;.vc_custom_1717420747163{margin-top: 10px !important;margin-right: 10px !important;margin-bottom: 10px !important;margin-left: 10px !important;padding-top: 10px !important;padding-right: 20px !important;padding-bottom: 20px !important;padding-left: 20px !important;}&#8221;]<\/p>\n<p class=\"-wm-MsoNormal\"><span style=\"color: #333333;\"><b>N\u00e1zev programu: <\/b>Opera\u010dn\u00ed program podnik\u00e1n\u00ed a inovace pro konkurenceschopnost 2014-2020<\/span><\/p>\n<p class=\"-wm-MsoNormal\"><span style=\"color: #333333;\"><b>N\u00e1zev projektu: <\/b>Elektromobilita &#8211; Pazdera s.r.o.<b><\/b><\/span><\/p>\n<p class=\"-wm-MsoNormal\"><span style=\"color: #333333;\"><b>\u010c\u00edslo projektu: <\/b>CZ.01.3.14\/0.0\/0.0\/19_252\/0019861<b><\/b><\/span><\/p>\n<p class=\"-wm-MsoNormal\"><span style=\"color: #333333;\"><b>Term\u00edn realizace: <\/b>22. 08. 2020 \u2013 22. 01. 2021<\/span><\/p>\n<p class=\"-wm-MsoNormal\"><span style=\"color: #333333;\"><b>Zp\u016fsobil\u00e9 v\u00fddaje: <\/b>2\u00a0063\u00a0633,04 K\u010d<b><\/b><\/span><\/p>\n<p class=\"-wm-MsoNormal\"><span style=\"color: #333333;\"><b>Dotace: <\/b>619\u00a0090,04 K\u010d<b><\/b><\/span><\/p>\n<p class=\"-wm-MsoNormal\"><span style=\"color: #333333;\">N\u00e1kup tohoto elektromobilu byl financov\u00e1n z\u00a0OP PIK.<\/span><\/p>\n<p>[\/vc_column_text][vc_row_inner content_placement=&#8221;top&#8221; css=&#8221;.vc_custom_1717960988433{margin-bottom: 30px !important;padding-left: 30px !important;}&#8221;][vc_column_inner][vc_column_text css=&#8221;.vc_custom_1717960964150{padding-top: 0px !important;}&#8221;]<\/p>\n<p style=\"text-align: left;\"><span style=\"text-decoration: underline;\"><strong><a href=\"https:\/\/www.autodopravapazdera.cz\/wp-content\/uploads\/2024\/06\/PDF.png\" target=\"_blank\" rel=\"noopener noreferrer\"><img loading=\"lazy\" class=\"alignleft wp-image-1491\" title=\"Zobrazit v PDF form\u00e1tu\" src=\"https:\/\/www.autodopravapazdera.cz\/wp-content\/uploads\/2024\/06\/PDF.png\" alt=\"\" width=\"33\" height=\"32\" srcset=\"https:\/\/www.autodopravapazdera.cz\/wp-content\/uploads\/2024\/06\/PDF.png 164w, https:\/\/www.autodopravapazdera.cz\/wp-content\/uploads\/2024\/06\/PDF-150x150.png 150w, https:\/\/www.autodopravapazdera.cz\/wp-content\/uploads\/2024\/06\/PDF-90x90.png 90w\" sizes=\"(max-width: 33px) 100vw, 33px\" \/><\/a><a href=\"https:\/\/www.autodopravapazdera.cz\/wp-content\/uploads\/2024\/06\/Elektromobilita-2.pdf\" target=\"_blank\" rel=\"noopener noreferrer\">PDF FORM\u00c1T (ke sta\u017een\u00ed)<\/a><\/strong><\/span><\/p>\n<p>[\/vc_column_text][\/vc_column_inner][\/vc_row_inner][\/vc_column][vc_column width=&#8221;1\/3&#8243;][vc_column_text 0=&#8221;&#8221;]<img loading=\"lazy\" class=\"aligncenter size-full wp-image-1474\" src=\"https:\/\/www.autodopravapazdera.cz\/wp-content\/uploads\/2024\/06\/projekt.png\" alt=\"\" width=\"372\" height=\"288\" srcset=\"https:\/\/www.autodopravapazdera.cz\/wp-content\/uploads\/2024\/06\/projekt.png 372w, https:\/\/www.autodopravapazdera.cz\/wp-content\/uploads\/2024\/06\/projekt-300x232.png 300w\" sizes=\"(max-width: 372px) 100vw, 372px\" \/>[\/vc_column_text][\/vc_column][\/vc_row]<\/p>\n","protected":false},"excerpt":{"rendered":"<p>[vc_row 0=&#8221;&#8221;][vc_column css=&#8221;.vc_custom_1610970127754{margin-right: 10px !important;margin-left: 10px !important;border-right-width: 10px !important;border-left-width: 10px !important;}&#8221;][vc_column_text 0=&#8221;&#8221;] N\u00e1zev projektu: Elektromobilita &#8211; Pazdera s.r.o. Opera\u010dn\u00ed program podnik\u00e1n\u00ed a inovace pro konkurenceschopnost V\u00fdzva V. N\u00edzkouhl\u00edkov\u00e9 technologie &#8211; Elektromobilita C\u00edlem programu je podpora konkurenceschopnosti podnik\u016f a udr\u017eitelnosti \u010desk\u00e9 ekonomiky prost\u0159ednictv\u00edm zav\u00e1d\u011bn\u00ed inovativn\u00edch technologi\u00ed v oblasti elektromobility. C\u00edl\u016f bude dosa\u017eeno n\u00e1kupem t\u0159\u00ed elektromobil\u016f a<\/p>\n","protected":false},"author":1,"featured_media":0,"parent":0,"menu_order":0,"comment_status":"closed","ping_status":"closed","template":"","meta":[],"_links":{"self":[{"href":"https:\/\/www.autodopravapazdera.cz\/index.php?rest_route=\/wp\/v2\/pages\/1425"}],"collection":[{"href":"https:\/\/www.autodopravapazdera.cz\/index.php?rest_route=\/wp\/v2\/pages"}],"about":[{"href":"https:\/\/www.autodopravapazdera.cz\/index.php?rest_route=\/wp\/v2\/types\/page"}],"author":[{"embeddable":true,"href":"https:\/\/www.autodopravapazdera.cz\/index.php?rest_route=\/wp\/v2\/users\/1"}],"replies":[{"embeddable":true,"href":"https:\/\/www.autodopravapazdera.cz\/index.php?rest_route=%2Fwp%2Fv2%2Fcomments&post=1425"}],"version-history":[{"count":39,"href":"https:\/\/www.autodopravapazdera.cz\/index.php?rest_route=\/wp\/v2\/pages\/1425\/revisions"}],"predecessor-version":[{"id":1494,"href":"https:\/\/www.autodopravapazdera.cz\/index.php?rest_route=\/wp\/v2\/pages\/1425\/revisions\/1494"}],"wp:attachment":[{"href":"https:\/\/www.autodopravapazdera.cz\/index.php?rest_route=%2Fwp%2Fv2%2Fmedia&parent=1425"}],"curies":[{"name":"wp","href":"https:\/\/api.w.org\/{rel}","templated":true}]}}