{"id":1401,"date":"2018-07-11T17:44:10","date_gmt":"2018-07-11T15:44:10","guid":{"rendered":"https:\/\/www.autodopravapazdera.cz\/?page_id=1401"},"modified":"2018-07-11T17:46:15","modified_gmt":"2018-07-11T15:46:15","slug":"program-rozvoje-venkova","status":"publish","type":"page","link":"https:\/\/www.autodopravapazdera.cz\/?page_id=1401","title":{"rendered":"Program rozvoje venkova"},"content":{"rendered":"<p>[vc_row][vc_column][vc_column_text css_animation=&#8221;fadeIn&#8221;]<\/p>\n<p style=\"text-align: left;\"><strong>N\u00e1zev projektu: Po\u0159\u00edzen\u00ed techniky pro rozvoj firmy<\/strong><\/p>\n<p style=\"text-align: left;\">P\u0159edm\u011btem projektu je n\u00e1kup kolov\u00e9ho rypadla, kter\u00e9 umo\u017e\u0148uje firm\u011b efektivn\u011bj\u0161\u00ed v\u00fdkon \u010dinnosti. Rypadlo na kolov\u00e9m podvozku slou\u017e\u00ed k efektivn\u011bj\u0161\u00edmu pou\u017eit\u00ed p\u0159i v\u00fdkopov\u00fdch prac\u00edch, ter\u00e9nn\u00edch \u00faprav\u00e1ch a dal\u0161\u00edch \u010dinnostech. Po\u0159\u00edzen\u00ed nov\u00e9 techniky umo\u017en\u00ed firm\u011b dal\u0161\u00ed roz\u0161\u00ed\u0159en\u00ed kapacity poskytovan\u00fdch slu\u017eeb, sn\u00ed\u017een\u00ed n\u00e1klad\u016f na v\u00fdkopov\u00e9 pr\u00e1ce vlivem zkr\u00e1cen\u00ed doby realizace poskytovan\u00e9 slu\u017eby. V\u00fdsledkem zv\u00fd\u0161en\u00ed efektivity bude mo\u017enost realizovat v\u011bt\u0161\u00ed mno\u017estv\u00ed zak\u00e1zek. Konkr\u00e9tn\u00edm v\u00fdsledkem projektu bude po\u0159\u00edzen\u00ed rypadla na kolov\u00e9m podvozku do 16.5 t.<\/p>\n<p style=\"text-align: left;\">Projekt je spolufinancov\u00e1n Evropskou uni\u00ed, prost\u0159ednictv\u00edm Evropsk\u00e9ho zem\u011bd\u011blsk\u00e9ho fondu pro rozvoj venkova (http:\/\/ec.europa.eu\/agriculture\/rural-development-2014-2020\/index_cs.htm), z Programu rozvoje venkova. Pro podporu projektu byla vyu\u017eita metoda LEADER, tzn. \u010derp\u00e1n\u00ed prob\u00edh\u00e1 prost\u0159ednictv\u00edm M\u00edstn\u00ed ak\u010dn\u00ed skupiny Byst\u0159i\u010dka.<\/p>\n<p><strong><img loading=\"lazy\" class=\"alignnone size-full wp-image-1400 aligncenter\" src=\"https:\/\/www.autodopravapazdera.cz\/wp-content\/uploads\/2018\/07\/EU.jpg\" alt=\"\" width=\"785\" height=\"133\" srcset=\"https:\/\/www.autodopravapazdera.cz\/wp-content\/uploads\/2018\/07\/EU.jpg 785w, https:\/\/www.autodopravapazdera.cz\/wp-content\/uploads\/2018\/07\/EU-300x51.jpg 300w, https:\/\/www.autodopravapazdera.cz\/wp-content\/uploads\/2018\/07\/EU-768x130.jpg 768w\" sizes=\"(max-width: 785px) 100vw, 785px\" \/><\/strong>[\/vc_column_text][\/vc_column][\/vc_row]<\/p>\n","protected":false},"excerpt":{"rendered":"<p>[vc_row][vc_column][vc_column_text css_animation=&#8221;fadeIn&#8221;] N\u00e1zev projektu: Po\u0159\u00edzen\u00ed techniky pro rozvoj firmy P\u0159edm\u011btem projektu je n\u00e1kup kolov\u00e9ho rypadla, kter\u00e9 umo\u017e\u0148uje firm\u011b efektivn\u011bj\u0161\u00ed v\u00fdkon \u010dinnosti. Rypadlo na kolov\u00e9m podvozku slou\u017e\u00ed k efektivn\u011bj\u0161\u00edmu pou\u017eit\u00ed p\u0159i v\u00fdkopov\u00fdch prac\u00edch, ter\u00e9nn\u00edch \u00faprav\u00e1ch a dal\u0161\u00edch \u010dinnostech. Po\u0159\u00edzen\u00ed nov\u00e9 techniky umo\u017en\u00ed firm\u011b dal\u0161\u00ed roz\u0161\u00ed\u0159en\u00ed kapacity poskytovan\u00fdch slu\u017eeb, sn\u00ed\u017een\u00ed n\u00e1klad\u016f na v\u00fdkopov\u00e9 pr\u00e1ce vlivem zkr\u00e1cen\u00ed doby<\/p>\n","protected":false},"author":1,"featured_media":0,"parent":0,"menu_order":0,"comment_status":"closed","ping_status":"closed","template":"","meta":[],"_links":{"self":[{"href":"https:\/\/www.autodopravapazdera.cz\/index.php?rest_route=\/wp\/v2\/pages\/1401"}],"collection":[{"href":"https:\/\/www.autodopravapazdera.cz\/index.php?rest_route=\/wp\/v2\/pages"}],"about":[{"href":"https:\/\/www.autodopravapazdera.cz\/index.php?rest_route=\/wp\/v2\/types\/page"}],"author":[{"embeddable":true,"href":"https:\/\/www.autodopravapazdera.cz\/index.php?rest_route=\/wp\/v2\/users\/1"}],"replies":[{"embeddable":true,"href":"https:\/\/www.autodopravapazdera.cz\/index.php?rest_route=%2Fwp%2Fv2%2Fcomments&post=1401"}],"version-history":[{"count":5,"href":"https:\/\/www.autodopravapazdera.cz\/index.php?rest_route=\/wp\/v2\/pages\/1401\/revisions"}],"predecessor-version":[{"id":1403,"href":"https:\/\/www.autodopravapazdera.cz\/index.php?rest_route=\/wp\/v2\/pages\/1401\/revisions\/1403"}],"wp:attachment":[{"href":"https:\/\/www.autodopravapazdera.cz\/index.php?rest_route=%2Fwp%2Fv2%2Fmedia&parent=1401"}],"curies":[{"name":"wp","href":"https:\/\/api.w.org\/{rel}","templated":true}]}}