{"id":1386,"date":"2018-05-22T18:06:16","date_gmt":"2018-05-22T16:06:16","guid":{"rendered":"https:\/\/www.autodopravapazdera.cz\/?page_id=1386"},"modified":"2018-05-22T18:11:17","modified_gmt":"2018-05-22T16:11:17","slug":"gdpr","status":"publish","type":"page","link":"https:\/\/www.autodopravapazdera.cz\/?page_id=1386","title":{"rendered":"GDPR &#8211; ochrana soukrom\u00fdch \u00fadaj\u016f"},"content":{"rendered":"<p>[vc_row][vc_column][vc_column_text css_animation=&#8221;fadeIn&#8221; css=&#8221;.vc_custom_1527005474167{margin-right: 20px !important;margin-left: 20px !important;padding-right: 20px !important;padding-left: 20px !important;}&#8221;]<\/p>\n<div id=\"zahlavi\">\n<h3>Podm\u00ednky souhlasu:<\/h3>\n<ul>\n<li>subjekt \u00fadaj\u016f vyj\u00e1d\u0159il\u00a0<b>souhlas<\/b>\u00a0se zpracov\u00e1n\u00edm sv\u00fdch osobn\u00edch \u00fadaj\u016f alespo\u0148 k jednomu konkr\u00e9tn\u00edmu \u00fa\u010delu,<\/li>\n<li>zpracov\u00e1n\u00ed osobn\u00edch \u00fadaj\u016f je nevyhnuteln\u00e9 pro pln\u011bn\u00ed\u00a0<b>smlouvy<\/b>, smluvn\u00ed stranou, kterou je subjekt \u00fadaj\u016f, nebo na vykon\u00e1n\u00ed opat\u0159en\u00ed p\u0159ed uzav\u0159en\u00edm smlouvy na z\u00e1klad\u011b \u017e\u00e1dosti subjektu \u00fadaj\u016f,<\/li>\n<li>zpracov\u00e1n\u00ed osobn\u00edch \u00fadaj\u016f je nevyhnuteln\u00e9 podle\u00a0<b>zvl\u00e1\u0161tn\u00edho p\u0159edpisu<\/b>\u00a0nebo mezin\u00e1rodn\u00ed smlouvy, kterou je \u010dlensk\u00fd st\u00e1t v\u00e1zan\u00fd.<\/li>\n<\/ul>\n<p>Zjednodu\u0161en\u011b \u0159\u00edk\u00e1me, \u017ee\u00a0<strong>osobn\u00ed \u00fadaje zpracov\u00e1v\u00e1me na z\u00e1klad\u011b: souhlasu, smlouvy nebo zvl\u00e1\u0161tn\u00edho p\u0159edpisu.<\/strong><\/p>\n<h3>Souhlas se zpracov\u00e1n\u00edm obsahuje:<\/h3>\n<ul>\n<li>identifika\u010dn\u00ed \u00fadaje jsou dostupn\u00e9 pouze pro: <b>Jaroslav Pazdera &#8211; autodoprava Pazdera,<\/b> Na Letn\u00e9 797, Velk\u00e1 Byst\u0159ice, \u010cesk\u00e1 republika<\/li>\n<li>\u00fa\u010delem nebo d\u016fvodem zpracov\u00e1n\u00ed osobn\u00edch \u00fadaj\u016f, pro kter\u00fd vy\u017eadujeme souhlas, je pouze pro zp\u011btn\u00e9 kontaktov\u00e1n\u00ed va\u0161i osoby. Data nebudou nijak d\u00e1le pou\u017eita pro marketingov\u00e9 a jin\u00e9 \u00fa\u010dely, ale pouze ke zp\u011btn\u00e9mu kontaktov\u00e1n\u00ed v\u00e1s (pop\u0159. pro \u00fa\u010dely doru\u010den\u00ed popt\u00e1van\u00e9ho zbo\u017e\u00ed na zadanou adresu v popt\u00e1vkov\u00e9m formul\u00e1\u0159i)<\/li>\n<li>p\u0159\u00edjemce, nebo kategorie p\u0159\u00edjemc\u016f (podle \u010dl. 4 ods. 9 na\u0159\u00edzen\u00ed), kter\u00fdm budeme osobn\u00ed \u00fadaje poskytovat nejsou dostupn\u00e9 (v p\u0159\u00edpad\u011b odesl\u00e1n\u00ed bal\u00edk\u016f p\u0159epravn\u00ed spole\u010dnost\u00ed budou va\u0161e osobn\u00ed data p\u0159ed\u00e1na pouze p\u0159epravci pro doru\u010den\u00ed produktu na va\u0161i adresu)<\/li>\n<li>souhlas je mo\u017en\u00e9 kdykoliv odvolat \u2013 sta\u010d\u00ed n\u00e1s kontaktovat<\/li>\n<\/ul>\n<\/div>\n<h3>Prohla\u0161ujeme<\/h3>\n<p>Prohla\u0161ujeme, \u017ee spl\u0148ujeme ve\u0161ker\u00e9 z\u00e1konn\u00e9\u00a0povinnosti vy\u017eadovan\u00e9 platnou legislativou, zejm\u00e9na z\u00e1konem o ochran\u011b osobn\u00edch \u00fadaj\u016f a GDPR, a tedy \u017ee:<\/p>\n<ul>\n<li>budeme zpracov\u00e1vat va\u0161e osobn\u00ed \u00fadaje jen na z\u00e1klad\u011b platn\u00e9ho pr\u00e1vn\u00edho d\u016fvodu, a to p\u0159edev\u0161\u00edm opr\u00e1vn\u011bn\u00e9ho z\u00e1jmu, pln\u011bn\u00ed smlouvy, z\u00e1konn\u00e9 povinnosti \u010di ud\u011blen\u00e9ho souhlasu,<\/li>\n<li>pln\u00edme dle \u010dl\u00e1nku 13 GDPR informa\u010dn\u00ed povinnost je\u0161t\u011b p\u0159ed zah\u00e1jen\u00edm zpracov\u00e1n\u00ed osobn\u00edch \u00fadaj\u016f, umo\u017en\u00edme v\u00e1m a budeme v\u00e1s podporovat v uplat\u0148ov\u00e1n\u00ed a pln\u011bn\u00ed va\u0161ich pr\u00e1v podle z\u00e1kona o ochran\u011b osobn\u00edch \u00fadaj\u016f a GDPR<\/li>\n<\/ul>\n<h3>Rozsah osobn\u00edch \u00fadaj\u016f a \u00fa\u010dely zpracov\u00e1n\u00ed<\/h3>\n<p>Zpracov\u00e1v\u00e1me osobn\u00ed \u00fadaje z\u00a0n\u00e1sleduj\u00edc\u00edch d\u016fvod\u016f:<\/p>\n<ul>\n<li><strong>poskytov\u00e1n\u00ed slu\u017eeb, pln\u011bn\u00ed smlouvy<\/strong>\u2013\u00a0va\u0161e osobn\u00ed \u00fadaje v rozsahu: e-mail nezbytn\u011b pot\u0159ebujeme k pln\u011bn\u00ed objedn\u00e1vek, p\u0159epravy, p\u0159\u00ed. smluv (nap\u0159. zasl\u00e1n\u00ed p\u0159\u00edstup\u016f do aplikace, zas\u00edl\u00e1n\u00ed online kurz\u016f, atd, dod\u00e1n\u00ed zbo\u017e\u00ed).<\/li>\n<li><strong>veden\u00ed \u00fa\u010detnictv\u00ed \u2013\u00a0<\/strong>Jste-li z\u00e1kazn\u00edky, va\u0161e osobn\u00ed \u00fadaje (faktura\u010dn\u00ed \u00fadaje) nezbytn\u011b pot\u0159ebujeme, abychom vyhov\u011bli z\u00e1konn\u00e9 povinnosti pro vystavov\u00e1n\u00ed a evidenci da\u0148ov\u00fdch doklad\u016f.<\/li>\n<li><strong>Marketing \u2013 zas\u00edl\u00e1n\u00ed informa\u010dn\u00edch email\u016f (pokud tuto slu\u017ebu zaji\u0161\u0165ujeme)<\/strong>\u2013\u00a0Va\u0161e osobn\u00ed \u00fadaje (e-mail), vyu\u017e\u00edv\u00e1me za \u00fa\u010delem p\u0159\u00edm\u00e9ho marketingu \u2013 zas\u00edl\u00e1n\u00ed obchodn\u00edch sd\u011blen\u00ed. Pokud si nep\u0159ejete dost\u00e1vat marketingov\u00e1 sd\u011blen\u00ed \u2013 sta\u010d\u00ed n\u00e1s kontaktovat. V p\u0159\u00edpadech m\u016f\u017eete tento souhlas odvolat pou\u017eit\u00edm odhla\u0161ovac\u00edho odkazu (pokud je dostupn\u00fd) a nebo na p\u0159\u00edmo kontaktov\u00e1n\u00edm na\u0161\u00ed spole\u010dnosti.<\/li>\n<\/ul>\n<h3>Cookies<\/h3>\n<p>P\u0159i proch\u00e1zen\u00ed na\u0161ich webov\u00fdch str\u00e1nek je pou\u017eita technologie Cookies (tedy zaznamen\u00e1v\u00e1n\u00ed IP adres a odkud na str\u00e1nky p\u0159ich\u00e1z\u00edte. Pou\u017e\u00edv\u00e1n\u00ed cookies pou\u017e\u00edv\u00e1me pro m\u011b\u0159en\u00ed n\u00e1v\u0161t\u011bvnosti webu a p\u0159izp\u016fsoben\u00ed zobrazen\u00ed webov\u00fdch str\u00e1nek. Pou\u017e\u00edv\u00e1n\u00ed cookies m\u016f\u017eete na sv\u00e9m po\u010d\u00edta\u010di zak\u00e1zat.<\/p>\n<h3>Zabezpe\u010den\u00ed a ochrana osobn\u00edch \u00fadaj\u016f<\/h3>\n<p>Va\u0161e osobn\u00ed \u00fadaje slou\u017e\u00ed pouze pro na\u0161e \u00fa\u010dely a data nejsou \u017e\u00e1dn\u00fdm dal\u0161\u00edm zp\u016fsobem p\u0159ed\u00e1v\u00e1ny, \u010di p\u0159eprod\u00e1v\u00e1ny t\u0159et\u00ed stran\u011b (vyj\u00edmka je p\u0159epravn\u00ed spole\u010dnost. Kter\u00e1 data dostane pro doru\u010den\u00ed bal\u00edku na va\u0161i uvedenou adresu p\u0159i vytv\u00e1\u0159en\u00ed objedn\u00e1vky).<\/p>\n<p>Chr\u00e1n\u00edme va\u0161e osobn\u00ed \u00fadaje pomoc\u00ed technick\u00fdch a organiza\u010dn\u00edch opat\u0159en\u00ed, kter\u00e1 zamezuj\u00ed zneu\u017eit\u00ed, po\u0161kozen\u00ed nebo zni\u010den\u00ed va\u0161ich osobn\u00edch \u00fadaj\u016f\u00a0(zabezpe\u010den\u00ed u\u010dt\u016f pomoc\u00ed hesel, \u0161ifrov\u00e1n\u00ed db apod.).<\/p>\n<h3>P\u0159ed\u00e1v\u00e1n\u00ed dat mimo Evropskou unii<\/h3>\n<p>Ve\u0161ker\u00e9 zpracov\u00e1n\u00ed osobn\u00edch \u00fadaj\u016f bude prov\u00e1d\u011bno na \u00fazem\u00ed EU.<\/p>\n<h3>Va\u0161e pr\u00e1va v souvislosti s ochranou osobn\u00edch \u00fadaj\u016f<\/h3>\n<p>V souvislosti s ochranou osobn\u00edch \u00fadaj\u016f m\u00e1te \u0159adu pr\u00e1v. Pokud budete cht\u00edt n\u011bkter\u00e9ho z t\u011bchto pr\u00e1v vyu\u017e\u00edt, pros\u00edm, kontaktujte n\u00e1s prost\u0159ednictv\u00edm kontakt\u016f uveden\u00fdch na na\u0161ich str\u00e1nk\u00e1ch.<\/p>\n<ul>\n<li><strong>pr\u00e1vo na informace<\/strong>, kter\u00e9 je pln\u011bno ji\u017e touto informa\u010dn\u00ed str\u00e1nkou se z\u00e1sadami zpracov\u00e1n\u00ed osobn\u00edch \u00fadaj\u016f.<\/li>\n<li><strong>pr\u00e1vo na p\u0159\u00edstup<\/strong> m\u016f\u017eete n\u00e1s kdykoliv vyzvat a my v\u00e1m dolo\u017e\u00edme ve lh\u016ft\u011b 30 dn\u00ed, jak\u00e9 va\u0161e osobn\u00ed \u00fadaje zpracov\u00e1v\u00e1m a pro\u010d.<\/li>\n<li>Pokud se u v\u00e1s n\u011bco zm\u011bn\u00ed nebo shled\u00e1te sv\u00e9 osobn\u00ed \u00fadaje neaktu\u00e1ln\u00ed nebo ne\u00fapln\u00e9,\u00a0<strong>m\u00e1te pr\u00e1vo na dopln\u011bn\u00ed a zm\u011bnu<\/strong>osobn\u00edch \u00fadaj\u016f.<\/li>\n<li><strong>Pr\u00e1vo na omezen\u00ed zpracov\u00e1n\u00ed<\/strong>m\u016f\u017eete vyu\u017e\u00edt, pokud se domn\u00edv\u00e1te, \u017ee zpracov\u00e1v\u00e1m va\u0161e nep\u0159esn\u00e9 \u00fadaje, domn\u00edv\u00e1te se, \u017ee prov\u00e1d\u00edm zpracov\u00e1n\u00ed nez\u00e1konn\u011b, ale nechcete v\u0161echny \u00fadaje smazat nebo pokud jste vznesl n\u00e1mitku proti zpracov\u00e1n\u00ed.<\/li>\n<li>Omezit m\u016f\u017eete rozsah osobn\u00edch \u00fadaj\u016f nebo \u00fa\u010del\u016f zpracov\u00e1n\u00ed. (Nap\u0159. odhl\u00e1\u0161en\u00edm z newsletteru omezujete \u00fa\u010del zpracov\u00e1n\u00ed pro zas\u00edl\u00e1n\u00ed obchodn\u00edch sd\u011blen\u00ed.)<\/li>\n<li><strong>Pr\u00e1vo na p\u0159enositelnost. <\/strong>Pokud byste cht\u011bli sv\u00e9 osobn\u00ed \u00fadaje vz\u00edt a p\u0159en\u00e9st k n\u011bkomu jin\u00e9mu, budeme postupovat stejn\u011b jako p\u0159i vyu\u017eit\u00ed pr\u00e1va na p\u0159\u00edstup \u2013 jen s t\u00edm rozd\u00edlem, \u017ee v\u00e1m informace po\u0161leme ve strojov\u011b \u010diteln\u00e9 podob\u011b (b\u011bhem 30 dn\u00ed).<\/li>\n<li><strong>Pr\u00e1vo na v\u00fdmaz (b\u00fdt zapomenut). <\/strong>Va\u0161\u00edm dal\u0161\u00edm pr\u00e1vem je pr\u00e1vo na v\u00fdmaz (b\u00fdt zapomenut). Pokud si to budete p\u0159\u00e1t, m\u00e1te na to pr\u00e1vo. V takov\u00e9m p\u0159\u00edpad\u011b budou ve\u0161ker\u00e9 va\u0161e osobn\u00ed \u00fadaje smaz\u00e1ny b\u011bhem 30 dn\u00ed.<\/li>\n<li><strong>St\u00ed\u017enost u \u00da\u0159adu na ochranu osobn\u00edch \u00fadaj\u016f. <\/strong>Pokud m\u00e1te pocit, \u017ee s va\u0161imi \u00fadaji nezach\u00e1z\u00edme v souladu se z\u00e1konem, m\u00e1te pr\u00e1vo se se svou st\u00ed\u017enost\u00ed kdykoli obr\u00e1tit na \u00da\u0159ad pro ochranu osobn\u00edch \u00fadaj\u016f.<\/li>\n<li><strong>Odhl\u00e1\u0161en\u00ed ze zas\u00edl\u00e1n\u00ed newsletter\u016f a obchodn\u00edch sd\u011blen\u00ed. <\/strong>E-maily s inspirac\u00ed, \u010dl\u00e1nky \u010di produkty a slu\u017ebami v\u00e1m zas\u00edl\u00e1me (pokud tato slu\u017eba je aktivn\u00ed). Pokud z\u00e1kazn\u00edkem je\u0161t\u011b nejste, pos\u00edl\u00e1me v\u00e1m je jen na z\u00e1klad\u011b va\u0161eho souhlasu (pokud je slu\u017eba aktivn\u00ed). V obou p\u0159\u00edpadech m\u016f\u017eete ukon\u010dit odb\u011br m\u00fdch e-mail\u016f stisknut\u00edm odhla\u0161ovac\u00edho odkazu v ka\u017ed\u00e9m zaslan\u00e9m e-mailu (pokud je dostupn\u00e9) a nebo p\u0159\u00edm\u00fdm kontaktov\u00e1n\u00edm na\u0161\u00ed spole\u010dnosti pomoc\u00ed e-mailu \u010di telefonu uveden\u00e9ho na na\u0161ich str\u00e1nk\u00e1ch.<\/li>\n<\/ul>\n<h3>Ml\u010denlivost \/ uchov\u00e1n\u00ed dat<\/h3>\n<p>Dovolujeme si V\u00e1s ujistit jsme povinni zachov\u00e1vat ml\u010denlivost o osobn\u00edch \u00fadaj\u00edch a o bezpe\u010dnostn\u00edch opat\u0159en\u00edch, jejich\u017e zve\u0159ejn\u011bn\u00ed by ohrozilo zabezpe\u010den\u00ed Va\u0161ich osobn\u00edch \u00fadaj\u016f. Tato\u00a0<strong>ml\u010denlivost p\u0159itom trv\u00e1 i po skon\u010den\u00ed z\u00e1vazkov\u00fdch vztah\u016f<\/strong>\u00a0<strong>mezi na\u0161\u00ed spole\u010dnost\u00ed a v\u00e1mi. <\/strong>Bez va\u0161eho souhlasu nebudou va\u0161e osobn\u00ed \u00fadaje vyd\u00e1ny \u017e\u00e1dn\u00e9 jin\u00e9 t\u0159et\u00ed stran\u011b. Tyto z\u00e1sady zpracov\u00e1n\u00ed osobn\u00edch \u00fadaj\u016f plat\u00ed od 25.5.2018.[\/vc_column_text][\/vc_column][\/vc_row]<\/p>\n","protected":false},"excerpt":{"rendered":"<p>[vc_row][vc_column][vc_column_text css_animation=&#8221;fadeIn&#8221; css=&#8221;.vc_custom_1527005474167{margin-right: 20px !important;margin-left: 20px !important;padding-right: 20px !important;padding-left: 20px !important;}&#8221;] Podm\u00ednky souhlasu: subjekt \u00fadaj\u016f vyj\u00e1d\u0159il\u00a0souhlas\u00a0se zpracov\u00e1n\u00edm sv\u00fdch osobn\u00edch \u00fadaj\u016f alespo\u0148 k jednomu konkr\u00e9tn\u00edmu \u00fa\u010delu, zpracov\u00e1n\u00ed osobn\u00edch \u00fadaj\u016f je nevyhnuteln\u00e9 pro pln\u011bn\u00ed\u00a0smlouvy, smluvn\u00ed stranou, kterou je subjekt \u00fadaj\u016f, nebo na vykon\u00e1n\u00ed opat\u0159en\u00ed p\u0159ed uzav\u0159en\u00edm smlouvy na z\u00e1klad\u011b \u017e\u00e1dosti subjektu \u00fadaj\u016f, zpracov\u00e1n\u00ed osobn\u00edch \u00fadaj\u016f je nevyhnuteln\u00e9<\/p>\n","protected":false},"author":1,"featured_media":0,"parent":0,"menu_order":0,"comment_status":"closed","ping_status":"closed","template":"","meta":[],"_links":{"self":[{"href":"https:\/\/www.autodopravapazdera.cz\/index.php?rest_route=\/wp\/v2\/pages\/1386"}],"collection":[{"href":"https:\/\/www.autodopravapazdera.cz\/index.php?rest_route=\/wp\/v2\/pages"}],"about":[{"href":"https:\/\/www.autodopravapazdera.cz\/index.php?rest_route=\/wp\/v2\/types\/page"}],"author":[{"embeddable":true,"href":"https:\/\/www.autodopravapazdera.cz\/index.php?rest_route=\/wp\/v2\/users\/1"}],"replies":[{"embeddable":true,"href":"https:\/\/www.autodopravapazdera.cz\/index.php?rest_route=%2Fwp%2Fv2%2Fcomments&post=1386"}],"version-history":[{"count":4,"href":"https:\/\/www.autodopravapazdera.cz\/index.php?rest_route=\/wp\/v2\/pages\/1386\/revisions"}],"predecessor-version":[{"id":1394,"href":"https:\/\/www.autodopravapazdera.cz\/index.php?rest_route=\/wp\/v2\/pages\/1386\/revisions\/1394"}],"wp:attachment":[{"href":"https:\/\/www.autodopravapazdera.cz\/index.php?rest_route=%2Fwp%2Fv2%2Fmedia&parent=1386"}],"curies":[{"name":"wp","href":"https:\/\/api.w.org\/{rel}","templated":true}]}}