{"id":1207,"date":"2017-12-27T20:05:28","date_gmt":"2017-12-27T19:05:28","guid":{"rendered":"https:\/\/www.autodopravapazdera.cz\/?page_id=1207"},"modified":"2020-03-05T10:32:47","modified_gmt":"2020-03-05T09:32:47","slug":"strojovy-park","status":"publish","type":"page","link":"https:\/\/www.autodopravapazdera.cz\/?page_id=1207","title":{"rendered":"Strojov\u00fd park"},"content":{"rendered":"<p>[vc_row css=&#8221;.vc_custom_1514459628641{margin-bottom: 20px !important;padding-bottom: 20px !important;}&#8221;][vc_column][vc_column_text css_animation=&#8221;fadeIn&#8221;]<\/p>\n<p class=\"style32\" style=\"text-align: left;\" align=\"left\"><span class=\"style24\">K dispozici m\u00e1me tyto n\u00e1kladn\u00ed vozy a zemn\u00ed stroje:<br \/>\n<span class=\"style15 style15 style15 style15\">MAN 35,414 8&#215;6 mo\u017eno i s vlekem &#8211; 2 ks, <span class=\"style32\">Tatra 815 S3 mo\u017eno s vlekem &#8211; 4ks<\/span>, DAF,OKI, Iveco, <\/span><\/span><span class=\"style15 style15 style15\">NEW Holland 110 B<\/span><\/p>\n<p>[\/vc_column_text][\/vc_column][\/vc_row][vc_row][vc_column][vc_gallery type=&#8221;image_grid&#8221; images=&#8221;1199,1352,1355,1353,1198,1348,1349,1350,1351,1251,1272,1271,1270,1269,1268,1267,1265,1264,1263,1262,1261,1260,1259,1258,1257,1256,1250,1249,1248,1247,1246,1245,1244,1220,1354,1416,1417,1418&#8243; css_animation=&#8221;fadeIn&#8221; css=&#8221;.vc_custom_1583400757826{margin-left: 20px !important;}&#8221;][\/vc_column][\/vc_row]<\/p>\n","protected":false},"excerpt":{"rendered":"<p>[vc_row css=&#8221;.vc_custom_1514459628641{margin-bottom: 20px !important;padding-bottom: 20px !important;}&#8221;][vc_column][vc_column_text css_animation=&#8221;fadeIn&#8221;] K dispozici m\u00e1me tyto n\u00e1kladn\u00ed vozy a zemn\u00ed stroje: MAN 35,414 8&#215;6 mo\u017eno i s vlekem &#8211; 2 ks, Tatra 815 S3 mo\u017eno s vlekem &#8211; 4ks, DAF,OKI, Iveco, NEW Holland 110 B [\/vc_column_text][\/vc_column][\/vc_row][vc_row][vc_column][vc_gallery type=&#8221;image_grid&#8221; images=&#8221;1199,1352,1355,1353,1198,1348,1349,1350,1351,1251,1272,1271,1270,1269,1268,1267,1265,1264,1263,1262,1261,1260,1259,1258,1257,1256,1250,1249,1248,1247,1246,1245,1244,1220,1354,1416,1417,1418&#8243; css_animation=&#8221;fadeIn&#8221; css=&#8221;.vc_custom_1583400757826{margin-left: 20px !important;}&#8221;][\/vc_column][\/vc_row]<\/p>\n","protected":false},"author":1,"featured_media":0,"parent":0,"menu_order":0,"comment_status":"closed","ping_status":"closed","template":"","meta":[],"_links":{"self":[{"href":"https:\/\/www.autodopravapazdera.cz\/index.php?rest_route=\/wp\/v2\/pages\/1207"}],"collection":[{"href":"https:\/\/www.autodopravapazdera.cz\/index.php?rest_route=\/wp\/v2\/pages"}],"about":[{"href":"https:\/\/www.autodopravapazdera.cz\/index.php?rest_route=\/wp\/v2\/types\/page"}],"author":[{"embeddable":true,"href":"https:\/\/www.autodopravapazdera.cz\/index.php?rest_route=\/wp\/v2\/users\/1"}],"replies":[{"embeddable":true,"href":"https:\/\/www.autodopravapazdera.cz\/index.php?rest_route=%2Fwp%2Fv2%2Fcomments&post=1207"}],"version-history":[{"count":29,"href":"https:\/\/www.autodopravapazdera.cz\/index.php?rest_route=\/wp\/v2\/pages\/1207\/revisions"}],"predecessor-version":[{"id":1419,"href":"https:\/\/www.autodopravapazdera.cz\/index.php?rest_route=\/wp\/v2\/pages\/1207\/revisions\/1419"}],"wp:attachment":[{"href":"https:\/\/www.autodopravapazdera.cz\/index.php?rest_route=%2Fwp%2Fv2%2Fmedia&parent=1207"}],"curies":[{"name":"wp","href":"https:\/\/api.w.org\/{rel}","templated":true}]}}