{"id":1109,"date":"2016-06-02T10:28:02","date_gmt":"2016-06-02T10:28:02","guid":{"rendered":"http:\/\/quanticalabs.com\/wptest\/carservice\/?page_id=1109"},"modified":"2018-01-14T12:16:15","modified_gmt":"2018-01-14T11:16:15","slug":"home-2","status":"publish","type":"page","link":"https:\/\/www.autodopravapazdera.cz\/?page_id=1109","title":{"rendered":"Poskytovan\u00e9 slu\u017eby"},"content":{"rendered":"<p>[vc_row css=&#8221;.vc_custom_1514460855952{margin-top: 20px !important;margin-bottom: 20px !important;padding-top: 20px !important;padding-bottom: 20px !important;}&#8221;][vc_column][vc_column_text css_animation=&#8221;fadeIn&#8221;]<\/p>\n<p class=\"style7\" align=\"left\"><strong><span class=\"style28\">ZEMN\u00cd PR\u00c1CE A \u00daPRAVY TER\u00c9N\u016e:<\/span><\/strong><\/p>\n<p align=\"justify\">Zaji\u0161tujeme komplexn\u00ed slu\u017eby z\u00a0oblasti\u00a0zemn\u00edch prac\u00ed, v\u00fdkop\u016f a\u00a0ter\u00e9nn\u00edch \u00faprav. Tyto stavebn\u00ed \u010dinnosti realizujeme na zak\u00e1zk\u00e1ch men\u0161\u00edho i\u00a0v\u011bt\u0161\u00edho rozsahu. K\u00a0zemn\u00edm a\u00a0v\u00fdkopov\u00fdm prac\u00edm pou\u017e\u00edv\u00e1me\u00a0modern\u00ed stavebn\u00ed stroje\u00a0 obsluhu\u00a0s\u00a0mnohaletou prax\u00ed v\u00a0oboru stavebnictv\u00ed.Specializujeme se na v\u00fdkopov\u00e9 pr\u00e1ce ve\u0161ker\u00e9ho rozsahu. Prov\u00e1d\u00edme strojn\u00ed v\u00fdkopov\u00e9 pr\u00e1ce vodovod\u016f, kanalizac\u00ed, plynu, telekomunika\u010dn\u00edch a\u00a0elektrick\u00fdch rozvod\u016f. Krom\u011b v\u00fdkop\u016f pro in\u017een\u00fdrsk\u00e9 s\u00edt\u011b poskytujeme i\u00a0jin\u00e9 kop\u00e1\u010dsk\u00e9 pr\u00e1ce jako nap\u0159\u00edklad profesion\u00e1ln\u00ed\u00a0v\u00fdkopy sklep\u016f\u00a0a\u00a0z\u00e1klad\u016f staveb\u00a0rodinn\u00fdch dom\u016f. Zaji\u0161\u0165ujeme profesion\u00e1ln\u00ed povrchov\u00e9 i\u00a0hloubkov\u00e9 ter\u00e9nn\u00ed \u00fapravy v\u0161eho druhu od zarovn\u00e1v\u00e1n\u00ed a\u017e po svahov\u00e1n\u00ed ter\u00e9nu. Z\u00a0oblasti zahrnovac\u00edch prac\u00ed nab\u00edz\u00edme z\u00e1syp r\u00fdh, obsyp potrub\u00ed aj.Nab\u00edz\u00edme rovn\u011b\u017e pr\u00e1ce spojen\u00e9 s\u00a0\u00a0v\u00fdstavbou\u00a0a\u00a0\u00fapravou silnic a\u00a0jin\u00fdch\u00a0komunikac\u00ed\u00a0&#8211; v\u00fdstavbu chodn\u00edk\u016f a\u00a0p\u0159\u00edjezdov\u00fdch cest v\u010detn\u011b jejich zpevn\u011bn\u00ed. Sou\u010d\u00e1st\u00ed zemn\u00edch prac\u00ed je tak\u00e9 nakl\u00e1dka a\u00a0odvoz vyt\u011b\u017een\u00e9 zeminy.<\/p>\n<p>&nbsp;<\/p>\n<p class=\"style7\" align=\"justify\"><strong><span class=\"style28\">AUTODOPRAVA SYPK\u00ddCH MATERI\u00c1L\u016e:<\/span><\/strong><\/p>\n<p align=\"justify\">Klasick\u00fdm po\u017eadavkem investora je co\u00a0nejrychlej\u0161\u00ed pr\u016fb\u011bh\u00a0jeho zak\u00e1zky a dosa\u017een\u00ed\u00a0maxim\u00e1ln\u00ed kvality\u00a0odveden\u00e9 pr\u00e1ce.\u00a0 \u0158\u00edd\u00edme se touto skute\u010dnost\u00ed i my a proto na\u0161e portfolio slu\u017eeb je dopln\u011bno o dopravu materi\u00e1l\u016f (hl\u00edna, p\u00edsek, \u0161t\u011brk, atd.). Krom\u011b samostatn\u00e9ho extern\u00edho pou\u017eit\u00ed tak\u00e9 p\u0159\u00edmo podporuje na\u0161e \u010dinnosti, jako jsou demolice, zemn\u00ed pr\u00e1ce, strojov\u00e9 pr\u00e1ce atd. P\u0159i vyhodnocov\u00e1n\u00ed zak\u00e1zek se soust\u0159e\u010fujeme na funk\u010dnost a modularitu vozov\u00e9ho parku a proto disponujeme nap\u0159\u00edklad kontejnerov\u00fdmi vozidly s pohonem v\u0161ech n\u00e1prav, r\u016fzn\u00fdmi druhy n\u00e1staveb, vysok\u00fdmi v\u00fdkony pohonn\u00fdch jednotek, aj. Vozov\u00fd park pr\u016fb\u011b\u017en\u011b\u00a0roz\u0161i\u0159ujeme a modernizujeme\u00a0tak, abychom pokryli po\u017eadavky na\u0161ich partner\u016f. Disponujeme n\u00e1kladn\u00edmi vozidly zna\u010dek Man, Tatra, OK, DAF apod. V\u00edce informac\u00ed o na\u0161ich autem a stroj\u00edch naleznete v sekci vozov\u00fd park.<\/p>\n<p class=\"style7\" align=\"justify\"><span class=\"style28\"><br \/>\n<strong>PRODEJ \u0160T\u011aRKU, ULO\u017dEN\u00cd ZEMIN :<\/strong><\/span><\/p>\n<div>\n<p align=\"justify\"><span class=\"style7\">Na\u0161imi n\u00e1kladn\u00edmi automobily odvezeme net\u0159\u00edd\u011bnou stavebn\u00ed su\u0165 (cihly, betony, dla\u017eby&#8230;) na skl\u00e1dku a zajist\u00edme ekologickou likvidaci. Za velmi p\u0159\u00edzn\u00edv\u00e9 ceny zaji\u0161\u0165ujeme tak\u00e9 ulo\u017een\u00ed v\u00fdkopov\u00e9 zeminy.<\/span><\/p>\n<\/div>\n<p>[\/vc_column_text][\/vc_column][\/vc_row][vc_row el_class=&#8221;page-padding-top-section&#8221;][vc_column width=&#8221;1\/2&#8243;]<h3 class=\" box-header\">Informace<\/h3><div class=\"testimonials-container page-margin-top type-small margin-top-40\"><div class=\"cs-carousel-pagination\"><\/div><ul class=\"testimonials-list autoplay-1 pause_on_hover-1 scroll-1 effect-scroll easing-easeInOutQuint duration-750\"><li>\r\n\t\t\t\t\t\r\n\t\t\t\t\t<p>Zam\u011b\u0159uje se na slu\u017eby, jak pro drobn\u00e9 z\u00e1kazn\u00edky, tak pro v\u011bt\u0161\u00ed firmy. S\u00eddlem na\u0161\u00ed spole\u010dnosti je m\u011bsto Velk\u00e1 Byst\u0159ice - Na Letn\u00e9 797, ale podle zak\u00e1zky p\u016fsob\u00edme v cel\u00e9m Moravsk\u00e9m kraji v cel\u00e9 \u010cesk\u00e9 republice.<\/p>\r\n\t\t\t\t\t<div class=\"ornament\"><div class=\"hexagon small\"><div class=\"sl-small-gearbox\"><\/div><\/div><\/div>\r\n\t\t\t\t\t<div class=\"author-details-box\">\r\n\t\t\t\t\t<h6>Jaroslav Pazdera<\/h6>\r\n\t\t\t\t\t\r\n\t\t\t\t\t<\/div>\r\n\t\t\t\t<\/li><li>\r\n\t\t\t\t\t\r\n\t\t\t\t\t<p>Jsme kompletn\u011b vybaven\u00e1 firma, kter\u00e1 se \u00fazce specializuje na \u010dinnost spojenou se zakl\u00e1d\u00e1n\u00edm staveb, s demolicemi a ter\u00e9nn\u00edmi \u00fapravami v\u0161ech druh\u016f. <\/p>\r\n\t\t\t\t\t<div class=\"ornament\"><div class=\"hexagon small\"><div class=\"sl-small-testimonials\"><\/div><\/div><\/div>\r\n\t\t\t\t\t<div class=\"author-details-box\">\r\n\t\t\t\t\t<h6>Jaroslav Pazdera<\/h6>\r\n\t\t\t\t\t\r\n\t\t\t\t\t<\/div>\r\n\t\t\t\t<\/li><li>\r\n\t\t\t\t\t\r\n\t\t\t\t\t<p>K dispozici m\u00e1me \u0161irokou \u0161k\u00e1lu skl\u00e1p\u011bc\u00edch voz\u016f, od dvoun\u00e1pravov\u00fdch po \u010dty\u0159n\u00e1pravov\u00e9. (Tatra, Man, Iveco, Daf, Avia). D\u00e1le m\u00e1me k dispozici zemn\u00ed stroje - p\u00e1sov\u00fd bagr, traktorbagry a kolov\u00e9 bagry. (New Holland, Wacker Neuson, O&amp;K).<\/p>\r\n\t\t\t\t\t<div class=\"ornament\"><div class=\"hexagon small\"><div class=\"sl-small-tunning\"><\/div><\/div><\/div>\r\n\t\t\t\t\t<div class=\"author-details-box\">\r\n\t\t\t\t\t<h6>Jaroslav Pazdera<\/h6>\r\n\t\t\t\t\t\r\n\t\t\t\t\t<\/div>\r\n\t\t\t\t<\/li><\/ul><\/div>[\/vc_column][vc_column width=&#8221;1\/2&#8243;][vc_single_image image=&#8221;1324&#8243; img_size=&#8221;large&#8221; style=&#8221;vc_box_shadow&#8221; css_animation=&#8221;fadeInUp&#8221;][\/vc_column][\/vc_row]<\/p>\n","protected":false},"excerpt":{"rendered":"<p>[vc_row css=&#8221;.vc_custom_1514460855952{margin-top: 20px !important;margin-bottom: 20px !important;padding-top: 20px !important;padding-bottom: 20px !important;}&#8221;][vc_column][vc_column_text css_animation=&#8221;fadeIn&#8221;] ZEMN\u00cd PR\u00c1CE A \u00daPRAVY TER\u00c9N\u016e: Zaji\u0161tujeme komplexn\u00ed slu\u017eby z\u00a0oblasti\u00a0zemn\u00edch prac\u00ed, v\u00fdkop\u016f a\u00a0ter\u00e9nn\u00edch \u00faprav. Tyto stavebn\u00ed \u010dinnosti realizujeme na zak\u00e1zk\u00e1ch men\u0161\u00edho i\u00a0v\u011bt\u0161\u00edho rozsahu. K\u00a0zemn\u00edm a\u00a0v\u00fdkopov\u00fdm prac\u00edm pou\u017e\u00edv\u00e1me\u00a0modern\u00ed stavebn\u00ed stroje\u00a0 obsluhu\u00a0s\u00a0mnohaletou prax\u00ed v\u00a0oboru stavebnictv\u00ed.Specializujeme se na v\u00fdkopov\u00e9 pr\u00e1ce ve\u0161ker\u00e9ho rozsahu. Prov\u00e1d\u00edme strojn\u00ed v\u00fdkopov\u00e9 pr\u00e1ce vodovod\u016f, kanalizac\u00ed,<\/p>\n","protected":false},"author":1,"featured_media":0,"parent":0,"menu_order":0,"comment_status":"closed","ping_status":"closed","template":"","meta":[],"_links":{"self":[{"href":"https:\/\/www.autodopravapazdera.cz\/index.php?rest_route=\/wp\/v2\/pages\/1109"}],"collection":[{"href":"https:\/\/www.autodopravapazdera.cz\/index.php?rest_route=\/wp\/v2\/pages"}],"about":[{"href":"https:\/\/www.autodopravapazdera.cz\/index.php?rest_route=\/wp\/v2\/types\/page"}],"author":[{"embeddable":true,"href":"https:\/\/www.autodopravapazdera.cz\/index.php?rest_route=\/wp\/v2\/users\/1"}],"replies":[{"embeddable":true,"href":"https:\/\/www.autodopravapazdera.cz\/index.php?rest_route=%2Fwp%2Fv2%2Fcomments&post=1109"}],"version-history":[{"count":24,"href":"https:\/\/www.autodopravapazdera.cz\/index.php?rest_route=\/wp\/v2\/pages\/1109\/revisions"}],"predecessor-version":[{"id":1359,"href":"https:\/\/www.autodopravapazdera.cz\/index.php?rest_route=\/wp\/v2\/pages\/1109\/revisions\/1359"}],"wp:attachment":[{"href":"https:\/\/www.autodopravapazdera.cz\/index.php?rest_route=%2Fwp%2Fv2%2Fmedia&parent=1109"}],"curies":[{"name":"wp","href":"https:\/\/api.w.org\/{rel}","templated":true}]}}